{"id":122,"date":"2019-06-25T06:17:57","date_gmt":"2019-06-25T06:17:57","guid":{"rendered":"https:\/\/themepalacedemo.com\/careerpress\/?page_id=122"},"modified":"2023-08-13T20:47:15","modified_gmt":"2023-08-13T20:47:15","slug":"kutso-kariyer-nedir","status":"publish","type":"page","link":"http:\/\/www.kutsokariyer.com\/index.php\/kutso-kariyer-nedir\/","title":{"rendered":"KUTSO Kariyer nedir?"},"content":{"rendered":"<p>KUTSO Kariyer, Kumluca Ticaret ve Sanayi Odas\u0131 hizmet b\u00f6lgesi i\u00e7erisinde bulunan Kumluca, Finike, Demre ve Ka\u015f il\u00e7elerinde istihdam\u0131n artt\u0131r\u0131lmas\u0131 i\u00e7in \u00e7al\u0131\u015fan ve i\u015f vereni bir araya getirmek amac\u0131yla kurulmu\u015f bir online platformdur.<\/p>\n<p>KUTSO Kariyer\u2019de i\u015flemler BAGEV Kariyer web sitesi \u00fczerinden yap\u0131l\u0131r.<\/p>\n<p>Neden BAGEV Kariyer?<\/p>\n<p><img loading=\"lazy\" decoding=\"async\" class=\"wp-image-225 alignleft\" src=\"http:\/\/www.kutsokariyer.com\/wp-content\/uploads\/2023\/08\/bagev-logo-300x300.png\" alt=\"\" width=\"152\" height=\"152\" srcset=\"http:\/\/www.kutsokariyer.com\/wp-content\/uploads\/2023\/08\/bagev-logo-300x300.png 300w, http:\/\/www.kutsokariyer.com\/wp-content\/uploads\/2023\/08\/bagev-logo-150x150.png 150w, http:\/\/www.kutsokariyer.com\/wp-content\/uploads\/2023\/08\/bagev-logo.png 757w\" sizes=\"(max-width: 152px) 100vw, 152px\" \/><\/p>\n<p>BAGEV \u2013 Bat\u0131 Akdeniz Ekonomisini Geli\u015ftirme Vakf\u0131, Kumluca Ticaret ve Sanayi Odas\u0131\u2019n\u0131n da kurucusu oldu\u011fu Bat\u0131 Akdeniz\u2019de ekonomik kalk\u0131nmay\u0131 artt\u0131rmak amac\u0131yla kurulmu\u015f \u00f6nemli bir giri\u015fimdir.<\/p>\n<p>BAGEV Kariyer web sitesi de Akdeniz\u2019in bat\u0131s\u0131nda \u00e7ok say\u0131da i\u015fveren taraf\u0131ndan kullan\u0131lan ba\u015far\u0131l\u0131 bir insan kaynaklar\u0131 portal\u0131d\u0131r.<\/p>\n<p>KUTSO Kariyer ile BAGEV kariyer web sitesi \u00fczerinden yap\u0131lacak ba\u015fvurular\u0131n daha yerele indirgenerek Bat\u0131 Antalya \u00f6zelini kapsamas\u0131 ama\u00e7lamaktad\u0131r.<\/p>\n\n\n<div class=\"wp-block-buttons is-content-justification-center is-layout-flex wp-container-core-buttons-layout-1 wp-block-buttons-is-layout-flex\">\n<div class=\"wp-block-button\"><a class=\"wp-block-button__link wp-element-button\" href=\"http:\/\/www.kutsokariyer.com\/index.php\/is-arayin\/\">Nas\u0131l i\u015f ba\u015fvurusu yapabilirim?<\/a><\/div>\n<\/div>\n\n\n\n<div class=\"wp-block-buttons is-content-justification-center is-layout-flex wp-container-core-buttons-layout-2 wp-block-buttons-is-layout-flex\">\n<div class=\"wp-block-button\"><a class=\"wp-block-button__link wp-element-button\" href=\"http:\/\/www.kutsokariyer.com\/index.php\/personel-arayin\/\">Nas\u0131l personel arar\u0131m?<\/a><\/div>\n<\/div>\n","protected":false},"excerpt":{"rendered":"<p>KUTSO Kariyer, Kumluca Ticaret ve Sanayi Odas\u0131 hizmet b\u00f6lgesi i\u00e7erisinde bulunan Kumluca, Finike, Demre ve Ka\u015f il\u00e7elerinde istihdam\u0131n artt\u0131r\u0131lmas\u0131 i\u00e7in \u00e7al\u0131\u015fan ve i\u015f vereni bir&hellip;<\/p>\n","protected":false},"author":1,"featured_media":18,"parent":0,"menu_order":0,"comment_status":"closed","ping_status":"closed","template":"","meta":{"footnotes":""},"_links":{"self":[{"href":"http:\/\/www.kutsokariyer.com\/index.php\/wp-json\/wp\/v2\/pages\/122"}],"collection":[{"href":"http:\/\/www.kutsokariyer.com\/index.php\/wp-json\/wp\/v2\/pages"}],"about":[{"href":"http:\/\/www.kutsokariyer.com\/index.php\/wp-json\/wp\/v2\/types\/page"}],"author":[{"embeddable":true,"href":"http:\/\/www.kutsokariyer.com\/index.php\/wp-json\/wp\/v2\/users\/1"}],"replies":[{"embeddable":true,"href":"http:\/\/www.kutsokariyer.com\/index.php\/wp-json\/wp\/v2\/comments?post=122"}],"version-history":[{"count":7,"href":"http:\/\/www.kutsokariyer.com\/index.php\/wp-json\/wp\/v2\/pages\/122\/revisions"}],"predecessor-version":[{"id":242,"href":"http:\/\/www.kutsokariyer.com\/index.php\/wp-json\/wp\/v2\/pages\/122\/revisions\/242"}],"wp:featuredmedia":[{"embeddable":true,"href":"http:\/\/www.kutsokariyer.com\/index.php\/wp-json\/wp\/v2\/media\/18"}],"wp:attachment":[{"href":"http:\/\/www.kutsokariyer.com\/index.php\/wp-json\/wp\/v2\/media?parent=122"}],"curies":[{"name":"wp","href":"https:\/\/api.w.org\/{rel}","templated":true}]}}