{"id":98,"date":"2019-06-25T05:42:18","date_gmt":"2019-06-25T05:42:18","guid":{"rendered":"https:\/\/themepalacedemo.com\/careerpress\/?page_id=98"},"modified":"2023-11-20T08:50:08","modified_gmt":"2023-11-20T08:50:08","slug":"personel-arayin","status":"publish","type":"page","link":"http:\/\/www.kutsokariyer.com\/index.php\/personel-arayin\/","title":{"rendered":"Personel aray\u0131n"},"content":{"rendered":"<p><strong>Firman\u0131zda \u00e7al\u0131\u015facak personellere mi ihtiyac\u0131n\u0131z var?<\/strong><\/p>\n<p>BAGEV Kariyer platformu \u00fczerinden personel ilanlar\u0131n\u0131z\u0131 biz yay\u0131nl\u0131yoruz.<\/p>\n<p>Bunun i\u00e7in ilgili birimimizle irtibata ge\u00e7ip ihtiya\u00e7 duydu\u011funuz personelde arad\u0131\u011f\u0131n\u0131z \u00f6zellik ve yeterlilikleri bildirip ileti\u015fim bilgilerinizi b\u0131rakman\u0131z yeterli. Biz sizin ad\u0131n\u0131za BAGEV Kariyer platformu \u00fczerinde gerekli ilan\u0131 a\u00e7\u0131yoruz. \u0130\u015f arayan ki\u015filer ilan \u00fczerinden do\u011frudan sizinle irtibata ge\u00e7ecektir.<\/p>\n<p><strong>Personel ilanlar\u0131n\u0131z i\u00e7in:<\/strong><\/p>\n<p>Melek Bozarano\u011flu<\/p>\n<p>KUTSO Demre Temsilcili\u011fi &#8211;\u00a00242 871 62 44<\/p>\n<p>bilgi@kutsokariyer.com<\/p>\n\n\n<p><\/p>\n","protected":false},"excerpt":{"rendered":"<p>Firman\u0131zda \u00e7al\u0131\u015facak personellere mi ihtiyac\u0131n\u0131z var? BAGEV Kariyer platformu \u00fczerinden personel ilanlar\u0131n\u0131z\u0131 biz yay\u0131nl\u0131yoruz. Bunun i\u00e7in ilgili birimimizle irtibata ge\u00e7ip ihtiya\u00e7 duydu\u011funuz personelde arad\u0131\u011f\u0131n\u0131z \u00f6zellik&hellip;<\/p>\n","protected":false},"author":1,"featured_media":32,"parent":0,"menu_order":0,"comment_status":"closed","ping_status":"closed","template":"","meta":{"footnotes":""},"_links":{"self":[{"href":"http:\/\/www.kutsokariyer.com\/index.php\/wp-json\/wp\/v2\/pages\/98"}],"collection":[{"href":"http:\/\/www.kutsokariyer.com\/index.php\/wp-json\/wp\/v2\/pages"}],"about":[{"href":"http:\/\/www.kutsokariyer.com\/index.php\/wp-json\/wp\/v2\/types\/page"}],"author":[{"embeddable":true,"href":"http:\/\/www.kutsokariyer.com\/index.php\/wp-json\/wp\/v2\/users\/1"}],"replies":[{"embeddable":true,"href":"http:\/\/www.kutsokariyer.com\/index.php\/wp-json\/wp\/v2\/comments?post=98"}],"version-history":[{"count":3,"href":"http:\/\/www.kutsokariyer.com\/index.php\/wp-json\/wp\/v2\/pages\/98\/revisions"}],"predecessor-version":[{"id":266,"href":"http:\/\/www.kutsokariyer.com\/index.php\/wp-json\/wp\/v2\/pages\/98\/revisions\/266"}],"wp:featuredmedia":[{"embeddable":true,"href":"http:\/\/www.kutsokariyer.com\/index.php\/wp-json\/wp\/v2\/media\/32"}],"wp:attachment":[{"href":"http:\/\/www.kutsokariyer.com\/index.php\/wp-json\/wp\/v2\/media?parent=98"}],"curies":[{"name":"wp","href":"https:\/\/api.w.org\/{rel}","templated":true}]}}